{"id":17,"date":"2024-10-18T18:32:33","date_gmt":"2024-10-18T23:32:33","guid":{"rendered":"https:\/\/labceera.mx\/?page_id=17"},"modified":"2025-09-08T12:20:07","modified_gmt":"2025-09-08T17:20:07","slug":"contacto","status":"publish","type":"page","link":"https:\/\/labceera.mx\/index.php\/contacto\/","title":{"rendered":"Contacto"},"content":{"rendered":"<h3>Direcci\u00f3n:<\/h3>\n<ul>\n<li>Calle Venustiano Carranza 142<br \/>\nColonia Paseos de Santa Maria, Cuautitl\u00e1n, M\u00e9xico, C.P. 54800<br \/>\nReferencias: Pasar el Hospital Gral. Vicente Villada, gire a la izquierda, frente al estacionamiento p\u00fablico.<br \/>\nUbicaci\u00f3n:\u00a0<a href=\"https:\/\/www.google.com\/maps\/@19.6655187,-99.1781975,3a,75y,99.84h,93.41t\/data=!3m7!1e1!3m5!1sOO6cu5Q0k4XK1i6rw_qTQw!2e0!6shttps:%2F%2Fstreetviewpixels-pa.googleapis.com%2Fv1%2Fthumbnail%3Fcb_client%3Dmaps_sv.tactile%26w%3D900%26h%3D600%26pitch%3D-3.4053296939129893%26panoid%3DOO6cu5Q0k4XK1i6rw_qTQw%26yaw%3D99.83625707202751!7i16384!8i8192?entry=ttu&amp;g_ep=EgoyMDI1MDkwMy4wIKXMDSoASAFQAw%3D%3D\" target=\"_blank\" rel=\"noopener\">https:\/\/maps.app.goo.gl\/gZ6GQjdNmHVkbxWf7<\/a><\/li>\n<\/ul>\n<h3>Celular:<\/h3>\n<ul>\n<li>55 5465 0345<\/li>\n<\/ul>\n<h3>Correo:<\/h3>\n<ul>\n<li>lab.ceera@hotmail.com<\/li>\n<\/ul>\n","protected":false},"excerpt":{"rendered":"<p>Direcci\u00f3n: Calle Venustiano Carranza 142 Colonia Paseos de Santa Maria, Cuautitl\u00e1n, M\u00e9xico, C.P. 54800 Referencias: Pasar el Hospital Gral. Vicente Villada, gire a la izquierda, frente al estacionamiento p\u00fablico. Ubicaci\u00f3n:\u00a0https:\/\/maps.app.goo.gl\/gZ6GQjdNmHVkbxWf7 Celular: 55 5465 0345 Correo: lab.ceera@hotmail.com<\/p>\n","protected":false},"author":1,"featured_media":0,"parent":0,"menu_order":2,"comment_status":"closed","ping_status":"closed","template":"","meta":{"footnotes":""},"class_list":["post-17","page","type-page","status-publish","hentry"],"_links":{"self":[{"href":"https:\/\/labceera.mx\/index.php\/wp-json\/wp\/v2\/pages\/17","targetHints":{"allow":["GET"]}}],"collection":[{"href":"https:\/\/labceera.mx\/index.php\/wp-json\/wp\/v2\/pages"}],"about":[{"href":"https:\/\/labceera.mx\/index.php\/wp-json\/wp\/v2\/types\/page"}],"author":[{"embeddable":true,"href":"https:\/\/labceera.mx\/index.php\/wp-json\/wp\/v2\/users\/1"}],"replies":[{"embeddable":true,"href":"https:\/\/labceera.mx\/index.php\/wp-json\/wp\/v2\/comments?post=17"}],"version-history":[{"count":8,"href":"https:\/\/labceera.mx\/index.php\/wp-json\/wp\/v2\/pages\/17\/revisions"}],"predecessor-version":[{"id":63,"href":"https:\/\/labceera.mx\/index.php\/wp-json\/wp\/v2\/pages\/17\/revisions\/63"}],"wp:attachment":[{"href":"https:\/\/labceera.mx\/index.php\/wp-json\/wp\/v2\/media?parent=17"}],"curies":[{"name":"wp","href":"https:\/\/api.w.org\/{rel}","templated":true}]}}