{"id":20,"date":"2024-10-18T18:42:33","date_gmt":"2024-10-18T23:42:33","guid":{"rendered":"https:\/\/labceera.mx\/?page_id=20"},"modified":"2026-01-22T13:18:49","modified_gmt":"2026-01-22T19:18:49","slug":"al_publico","status":"publish","type":"page","link":"https:\/\/labceera.mx\/index.php\/al_publico\/","title":{"rendered":"Servicio al p\u00fablico"},"content":{"rendered":"<ul>\n<li><strong>Qu\u00edmicas<\/strong> sangu\u00edneas (3, 6 ,12 ,24 ,27 ,33 ,38 y 50 elementos)<\/li>\n<li>Paquete <strong>ginecol\u00f3gico<\/strong> (colposcopia, papanicolaou, cultivo vaginal)<\/li>\n<li>Paquete masculino (androscopia y cultivo uretral)<\/li>\n<li>Pruebas de embarazo<\/li>\n<li>Electrocardiogramas<\/li>\n<li>Bacteriol\u00f3gicos<\/li>\n<li><strong>Antidoping<\/strong><\/li>\n<li><strong>Biopsias<\/strong><\/li>\n<li>Tamiz auditivo<\/li>\n<li>Tamiz metab\u00f3lico neonatal<\/li>\n<li><strong>Ultrasonidos<\/strong><\/li>\n<li><strong>Check up<\/strong>.<\/li>\n<\/ul>\n<blockquote>\n<p style=\"text-align: center;\">Estudios para ella, \u00e9l y tus bebes.<\/p>\n<\/blockquote>\n","protected":false},"excerpt":{"rendered":"<p>Qu\u00edmicas sangu\u00edneas (3, 6 ,12 ,24 ,27 ,33 ,38 y 50 elementos) Paquete ginecol\u00f3gico (colposcopia, papanicolaou, cultivo vaginal) Paquete masculino (androscopia y cultivo uretral) Pruebas de embarazo Electrocardiogramas Bacteriol\u00f3gicos Antidoping Biopsias Tamiz auditivo Tamiz metab\u00f3lico neonatal Ultrasonidos Check up. Estudios para ella, \u00e9l y tus bebes.<\/p>\n","protected":false},"author":1,"featured_media":0,"parent":0,"menu_order":1,"comment_status":"closed","ping_status":"closed","template":"","meta":{"footnotes":""},"class_list":["post-20","page","type-page","status-publish","hentry"],"_links":{"self":[{"href":"https:\/\/labceera.mx\/index.php\/wp-json\/wp\/v2\/pages\/20","targetHints":{"allow":["GET"]}}],"collection":[{"href":"https:\/\/labceera.mx\/index.php\/wp-json\/wp\/v2\/pages"}],"about":[{"href":"https:\/\/labceera.mx\/index.php\/wp-json\/wp\/v2\/types\/page"}],"author":[{"embeddable":true,"href":"https:\/\/labceera.mx\/index.php\/wp-json\/wp\/v2\/users\/1"}],"replies":[{"embeddable":true,"href":"https:\/\/labceera.mx\/index.php\/wp-json\/wp\/v2\/comments?post=20"}],"version-history":[{"count":7,"href":"https:\/\/labceera.mx\/index.php\/wp-json\/wp\/v2\/pages\/20\/revisions"}],"predecessor-version":[{"id":65,"href":"https:\/\/labceera.mx\/index.php\/wp-json\/wp\/v2\/pages\/20\/revisions\/65"}],"wp:attachment":[{"href":"https:\/\/labceera.mx\/index.php\/wp-json\/wp\/v2\/media?parent=20"}],"curies":[{"name":"wp","href":"https:\/\/api.w.org\/{rel}","templated":true}]}}