{"id":30,"date":"2024-10-18T18:55:37","date_gmt":"2024-10-18T23:55:37","guid":{"rendered":"https:\/\/labceera.mx\/?page_id=30"},"modified":"2026-01-22T13:21:49","modified_gmt":"2026-01-22T19:21:49","slug":"a_empresas","status":"publish","type":"page","link":"https:\/\/labceera.mx\/index.php\/a_empresas\/","title":{"rendered":"Servicio a empresas"},"content":{"rendered":"<h3>Empresas<\/h3>\n<ul>\n<li>Pruebas de <strong>antidoping<\/strong> de 3 o 5 par\u00e1metros<br \/>\n3 par\u00e1metros (coca\u00edna, anfetaminas, mariguana)<br \/>\n5 par\u00e1metros (coca\u00edna, anfetaminas, mariguana, meta anfetaminas y opi\u00e1ceos).<\/li>\n<li>Ex\u00e1menes m\u00e9dicos<br \/>\nHistorial que consta de peso, talla, IMC y auscultaci\u00f3n.<\/li>\n<li>Ex\u00e1menes oftalmol\u00f3gicos<br \/>\nDetermina la agudeza visual, fondo ojo y daltonismo.<\/li>\n<li><strong>Estudios de Laboratorio<\/strong><br \/>\nDe acuerdo al requerimiento de la empresa, los m\u00e1s habituales son las qu\u00edmicas y grupo sangu\u00edneo.<\/li>\n<li><strong>Audiometr\u00edas<\/strong><br \/>\nMuy \u00fatiles para determinar cualquier p\u00e9rdida o disminuci\u00f3n auditiva.<\/li>\n<li><strong>Espirometr\u00eda<\/strong><br \/>\nEval\u00faa la funci\u00f3n y enfermedades pulmonares.<\/li>\n<\/ul>\n<h3>Purificadoras de agua<\/h3>\n<ul>\n<li><strong>Bacteriol\u00f3gicos<\/strong> de agua<br \/>\nEste tipo de an\u00e1lisis se realiza para comprobar que no existan posibles contaminaciones fecales en el agua.<br \/>\nEl agua debe estar siempre en \u00f3ptimas condiciones para su consumo humano.<\/li>\n<li>Validaci\u00f3n del <strong>proceso<\/strong> de purificaci\u00f3n<br \/>\nPermite reunir la documentaci\u00f3n necesaria para demostrar la consistencia de la producci\u00f3n de agua<br \/>\npurificada de calidad especificada, bajo las condiciones y normas establecidas.<\/li>\n<li><strong>Biocarga<\/strong> ambiental<br \/>\nNos permite saber la carga biol\u00f3gica (bacterias) que normalmente hay en superficies y ambiente.<br \/>\nTodos nuestros estudios est\u00e1n basados en las normas mexicanas.<\/li>\n<\/ul>\n","protected":false},"excerpt":{"rendered":"<p>Empresas Pruebas de antidoping de 3 o 5 par\u00e1metros 3 par\u00e1metros (coca\u00edna, anfetaminas, mariguana) 5 par\u00e1metros (coca\u00edna, anfetaminas, mariguana, meta anfetaminas y opi\u00e1ceos). Ex\u00e1menes m\u00e9dicos Historial que consta de peso, talla, IMC y auscultaci\u00f3n. Ex\u00e1menes oftalmol\u00f3gicos Determina la agudeza visual, fondo ojo y daltonismo. Estudios de Laboratorio De acuerdo al requerimiento de la empresa, los &hellip; <a href=\"https:\/\/labceera.mx\/index.php\/a_empresas\/\" class=\"more-link\">Seguir leyendo <span class=\"screen-reader-text\">Servicio a empresas<\/span> <span class=\"meta-nav\">&rarr;<\/span><\/a><\/p>\n","protected":false},"author":1,"featured_media":0,"parent":0,"menu_order":0,"comment_status":"closed","ping_status":"closed","template":"","meta":{"footnotes":""},"class_list":["post-30","page","type-page","status-publish","hentry"],"_links":{"self":[{"href":"https:\/\/labceera.mx\/index.php\/wp-json\/wp\/v2\/pages\/30","targetHints":{"allow":["GET"]}}],"collection":[{"href":"https:\/\/labceera.mx\/index.php\/wp-json\/wp\/v2\/pages"}],"about":[{"href":"https:\/\/labceera.mx\/index.php\/wp-json\/wp\/v2\/types\/page"}],"author":[{"embeddable":true,"href":"https:\/\/labceera.mx\/index.php\/wp-json\/wp\/v2\/users\/1"}],"replies":[{"embeddable":true,"href":"https:\/\/labceera.mx\/index.php\/wp-json\/wp\/v2\/comments?post=30"}],"version-history":[{"count":14,"href":"https:\/\/labceera.mx\/index.php\/wp-json\/wp\/v2\/pages\/30\/revisions"}],"predecessor-version":[{"id":66,"href":"https:\/\/labceera.mx\/index.php\/wp-json\/wp\/v2\/pages\/30\/revisions\/66"}],"wp:attachment":[{"href":"https:\/\/labceera.mx\/index.php\/wp-json\/wp\/v2\/media?parent=30"}],"curies":[{"name":"wp","href":"https:\/\/api.w.org\/{rel}","templated":true}]}}